{"id":58,"date":"2016-04-11T21:44:23","date_gmt":"2016-04-11T19:44:23","guid":{"rendered":"http:\/\/www.wp.rallyesport-westsachsen.de\/?page_id=58"},"modified":"2019-10-29T20:24:20","modified_gmt":"2019-10-29T19:24:20","slug":"mitglied-werden","status":"publish","type":"page","link":"https:\/\/www.rallyesport-westsachsen.de\/index.php\/mitglied-werden\/","title":{"rendered":"Mitglied werden?"},"content":{"rendered":"<p>Um Mitglied zu werden, m\u00fcsst ihr folgenden Mitgliedsantrag ausf\u00fcllen und an die info@rallyesport-westsachsen.de schicken.<\/p>\n<p><a href=\"https:\/\/www.rallyesport-westsachsen.de\/wp-content\/uploads\/2019\/10\/RSW_Mitgliedsantrag.pdf\">RSW Mitgliedsantrag zum Download<\/a><\/p>\n<p>Alternativ k\u00f6nnt ihr zu einer unserer Clubsitzungen kommen und euch dabei \u00fcber das Clubleben informieren.<\/p>\n<p>Der Mitgliedbeitrag betr\u00e4gt <strong>40,00 \u20ac<\/strong> im Jahr und ist bis zum <strong>31.03. des laufenden Jahres<\/strong> an die folgende Bankverbindung zu \u00fcberweisen:<\/p>\n<p>Rallyesport Westsachen e.V.<br \/>\nIBAN:\u00a0\u00a0\u00a0\u00a0\u00a0\u00a0 DE46870959740000007064<br \/>\nBIC:\u00a0\u00a0\u00a0\u00a0\u00a0\u00a0\u00a0\u00a0\u00a0\u00a0 GENODEF1GC1<br \/>\nInstitut:\u00a0 Volksbank-Raiffeisenbank Glauchau<\/p>\n","protected":false},"excerpt":{"rendered":"<p>Um Mitglied zu werden, m\u00fcsst ihr folgenden Mitgliedsantrag ausf\u00fcllen und an die info@rallyesport-westsachsen.de schicken. RSW Mitgliedsantrag zum Download Alternativ k\u00f6nnt ihr zu einer unserer Clubsitzungen kommen und euch dabei \u00fcber &hellip; <a href=\"https:\/\/www.rallyesport-westsachsen.de\/index.php\/mitglied-werden\/\" class=\"more-link\"><span class=\"screen-reader-text\">Mitglied werden?<\/span> weiterlesen <span class=\"meta-nav\">&rarr;<\/span><\/a><\/p>\n","protected":false},"author":1,"featured_media":0,"parent":0,"menu_order":0,"comment_status":"closed","ping_status":"closed","template":"","meta":{"footnotes":""},"class_list":["post-58","page","type-page","status-publish","hentry"],"jetpack_sharing_enabled":true,"jetpack_shortlink":"https:\/\/wp.me\/P83mP7-W","_links":{"self":[{"href":"https:\/\/www.rallyesport-westsachsen.de\/index.php\/wp-json\/wp\/v2\/pages\/58","targetHints":{"allow":["GET"]}}],"collection":[{"href":"https:\/\/www.rallyesport-westsachsen.de\/index.php\/wp-json\/wp\/v2\/pages"}],"about":[{"href":"https:\/\/www.rallyesport-westsachsen.de\/index.php\/wp-json\/wp\/v2\/types\/page"}],"author":[{"embeddable":true,"href":"https:\/\/www.rallyesport-westsachsen.de\/index.php\/wp-json\/wp\/v2\/users\/1"}],"replies":[{"embeddable":true,"href":"https:\/\/www.rallyesport-westsachsen.de\/index.php\/wp-json\/wp\/v2\/comments?post=58"}],"version-history":[{"count":8,"href":"https:\/\/www.rallyesport-westsachsen.de\/index.php\/wp-json\/wp\/v2\/pages\/58\/revisions"}],"predecessor-version":[{"id":2692,"href":"https:\/\/www.rallyesport-westsachsen.de\/index.php\/wp-json\/wp\/v2\/pages\/58\/revisions\/2692"}],"wp:attachment":[{"href":"https:\/\/www.rallyesport-westsachsen.de\/index.php\/wp-json\/wp\/v2\/media?parent=58"}],"curies":[{"name":"wp","href":"https:\/\/api.w.org\/{rel}","templated":true}]}}